{"id":372,"date":"2021-10-10T11:05:36","date_gmt":"2021-10-10T09:05:36","guid":{"rendered":"https:\/\/www.legrandcafe.be\/?page_id=372"},"modified":"2021-10-10T12:51:07","modified_gmt":"2021-10-10T10:51:07","slug":"groupes","status":"publish","type":"page","link":"https:\/\/www.legrandcafe.be\/?page_id=372","title":{"rendered":"GROUPES"},"content":{"rendered":"<p><div class=\"fusion-fullwidth fullwidth-box fusion-builder-row-1 fusion-flex-container nonhundred-percent-fullwidth non-hundred-percent-height-scrolling\" style=\"--awb-border-radius-top-left:0px;--awb-border-radius-top-right:0px;--awb-border-radius-bottom-right:0px;--awb-border-radius-bottom-left:0px;--awb-flex-wrap:wrap;\" ><div class=\"fusion-builder-row fusion-row fusion-flex-align-items-flex-start fusion-flex-content-wrap\" style=\"max-width:1248px;margin-left: calc(-4% \/ 2 );margin-right: calc(-4% \/ 2 );\"><div class=\"fusion-layout-column fusion_builder_column fusion-builder-column-0 fusion_builder_column_1_1 1_1 fusion-flex-column\" style=\"--awb-bg-size:cover;--awb-width-large:100%;--awb-margin-top-large:0px;--awb-spacing-right-large:1.92%;--awb-margin-bottom-large:20px;--awb-spacing-left-large:1.92%;--awb-width-medium:100%;--awb-order-medium:0;--awb-spacing-right-medium:1.92%;--awb-spacing-left-medium:1.92%;--awb-width-small:100%;--awb-order-small:0;--awb-spacing-right-small:1.92%;--awb-spacing-left-small:1.92%;\"><div class=\"fusion-column-wrapper fusion-column-has-shadow fusion-flex-justify-content-flex-start fusion-content-layout-column\"><div class=\"fusion-separator fusion-full-width-sep\" style=\"align-self: center;margin-left: auto;margin-right: auto;margin-top:50px;margin-bottom:20px;width:100%;\"><div class=\"fusion-separator-border sep-shadow\" style=\"--awb-height:20px;--awb-amount:20px;background:radial-gradient(ellipse at 50% -50% , #e2e2e2 0px, rgba(255, 255, 255, 0) 80%) repeat scroll 0 0 rgba(0, 0, 0, 0);background:-webkit-radial-gradient(ellipse at 50% -50% , #e2e2e2 0px, rgba(255, 255, 255, 0) 80%) repeat scroll 0 0 rgba(0, 0, 0, 0);background:-moz-radial-gradient(ellipse at 50% -50% , #e2e2e2 0px, rgba(255, 255, 255, 0) 80%) repeat scroll 0 0 rgba(0, 0, 0, 0);background:-o-radial-gradient(ellipse at 50% -50% , #e2e2e2 0px, rgba(255, 255, 255, 0) 80%) repeat scroll 0 0 rgba(0, 0, 0, 0);\"><\/div><\/div><\/div><\/div><\/div><\/div><div class=\"fusion-fullwidth fullwidth-box fusion-builder-row-2 fusion-flex-container nonhundred-percent-fullwidth non-hundred-percent-height-scrolling\" style=\"--awb-border-radius-top-left:0px;--awb-border-radius-top-right:0px;--awb-border-radius-bottom-right:0px;--awb-border-radius-bottom-left:0px;--awb-flex-wrap:wrap;\" ><div class=\"fusion-builder-row fusion-row fusion-flex-align-items-flex-start fusion-flex-content-wrap\" style=\"max-width:1248px;margin-left: calc(-4% \/ 2 );margin-right: calc(-4% \/ 2 );\"><div class=\"fusion-layout-column fusion_builder_column fusion-builder-column-1 fusion_builder_column_3_4 3_4 fusion-flex-column\" style=\"--awb-bg-size:cover;--awb-width-large:75%;--awb-margin-top-large:0px;--awb-spacing-right-large:2.56%;--awb-margin-bottom-large:20px;--awb-spacing-left-large:2.56%;--awb-width-medium:75%;--awb-order-medium:0;--awb-spacing-right-medium:2.56%;--awb-spacing-left-medium:2.56%;--awb-width-small:100%;--awb-order-small:0;--awb-spacing-right-small:1.92%;--awb-spacing-left-small:1.92%;\"><div class=\"fusion-column-wrapper fusion-column-has-shadow fusion-flex-justify-content-flex-start fusion-content-layout-column\"><div class=\"fusion-title title fusion-title-1 fusion-sep-none fusion-title-text fusion-title-size-one\"><h1 class=\"fusion-title-heading title-heading-left\" style=\"margin:0;\">MENU GROUPES<\/h1><\/div><div class=\"fusion-text fusion-text-1\"><div class=\"fusion-text fusion-text-8\">\n<p class=\"font_8\">Pour les r\u00e9servations de groupes, le Grand Caf\u00e9 vous propose des menus sp\u00e9ciaux et pouvant \u00eatre adapt\u00e9s \u00e0 la demande.<\/p>\n<\/div>\n<\/div><div class=\"fusion-tabs fusion-tabs-1 classic nav-is-justified horizontal-tabs icon-position-left mobile-mode-accordion\" style=\"--awb-title-border-radius-top-left:0px;--awb-title-border-radius-top-right:0px;--awb-title-border-radius-bottom-right:0px;--awb-title-border-radius-bottom-left:0px;--awb-inactive-color:#f9f9fb;--awb-background-color:#ffffff;--awb-border-color:#e2e2e2;--awb-active-border-color:#65bc7b;\"><div class=\"nav\"><ul class=\"nav-tabs nav-justified\" role=\"tablist\"><li class=\"active\" role=\"presentation\"><a class=\"tab-link\" data-toggle=\"tab\" role=\"tab\" aria-controls=\"tab-8245cbc7bcdeb34a436\" aria-selected=\"true\" id=\"fusion-tab-menuenfran\u00e7ais\" href=\"#tab-8245cbc7bcdeb34a436\"><h4 class=\"fusion-tab-heading\">MENU en fran\u00e7ais <\/h4><\/a><\/li><li role=\"presentation\"><a class=\"tab-link\" data-toggle=\"tab\" role=\"tab\" aria-controls=\"tab-c34a3a3365b032e3f95\" aria-selected=\"false\" tabindex=\"-1\" id=\"fusion-tab-nederlandsmenu\" href=\"#tab-c34a3a3365b032e3f95\"><h4 class=\"fusion-tab-heading\">Nederlands menu<\/h4><\/a><\/li><li role=\"presentation\"><a class=\"tab-link\" data-toggle=\"tab\" role=\"tab\" aria-controls=\"tab-873b639df37f99fd171\" aria-selected=\"false\" tabindex=\"-1\" id=\"fusion-tab-englishmenu\" href=\"#tab-873b639df37f99fd171\"><h4 class=\"fusion-tab-heading\">English Menu<\/h4><\/a><\/li><\/ul><\/div><div class=\"tab-content\"><div class=\"nav fusion-mobile-tab-nav\"><ul class=\"nav-tabs nav-justified\" role=\"tablist\"><li class=\"active\" role=\"presentation\"><a class=\"tab-link\" data-toggle=\"tab\" role=\"tab\" aria-controls=\"tab-8245cbc7bcdeb34a436\" aria-selected=\"true\" id=\"mobile-fusion-tab-menuenfran\u00e7ais\" href=\"#tab-8245cbc7bcdeb34a436\"><h4 class=\"fusion-tab-heading\">MENU en fran\u00e7ais <\/h4><\/a><\/li><\/ul><\/div><div class=\"tab-pane fade fusion-clearfix in active\" role=\"tabpanel\" tabindex=\"0\" aria-labelledby=\"fusion-tab-menuenfran\u00e7ais\" id=\"tab-8245cbc7bcdeb34a436\">\n<h6 style=\"text-align: center;\">s\u00e9lectionner un des menus ci-apr\u00e8s pour l&rsquo;afficher<\/h6>\n<p style=\"text-align: center;\"><a href=\"https:\/\/www.legrandcafe.be\/wp-content\/uploads\/2021\/10\/FR_Menu_Platdessert.pdf\" target=\"_blank\" rel=\"noopener\">Plats &amp; Desserts<\/a><br \/>\n<a href=\"https:\/\/www.legrandcafe.be\/wp-content\/uploads\/2021\/10\/FR_Menu_Entreeplat.pdf\" target=\"_blank\" rel=\"noopener\">Entr\u00e9es &amp; Plats<\/a><br \/>\n<a href=\"https:\/\/www.legrandcafe.be\/wp-content\/uploads\/2021\/10\/FR_Menu_VEGA.pdf\" target=\"_blank\" rel=\"noopener\">Menu V\u00e9g\u00e9tarien<\/a><br \/>\n<a href=\"https:\/\/www.legrandcafe.be\/wp-content\/uploads\/2021\/10\/FR_Menu_Bourse.pdf\" target=\"_blank\" rel=\"noopener\">Menu BOURSE<\/a><br \/>\n<a href=\"https:\/\/www.legrandcafe.be\/wp-content\/uploads\/2021\/10\/FR_Menu_Monico.pdf\" target=\"_blank\" rel=\"noopener\">Menu MONICO<\/a><br \/>\n<a href=\"https:\/\/www.legrandcafe.be\/wp-content\/uploads\/2021\/10\/FR_Menu_Rogier.pdf\" target=\"_blank\" rel=\"noopener\">Menu ROGIER<\/a><br \/>\n<a href=\"https:\/\/www.legrandcafe.be\/wp-content\/uploads\/2021\/10\/FR_Menu_Sablon.pdf\" target=\"_blank\" rel=\"noopener\">Menu SABLON<\/a><\/p>\n<\/div><div class=\"nav fusion-mobile-tab-nav\"><ul class=\"nav-tabs nav-justified\" role=\"tablist\"><li role=\"presentation\"><a class=\"tab-link\" data-toggle=\"tab\" role=\"tab\" aria-controls=\"tab-c34a3a3365b032e3f95\" aria-selected=\"false\" tabindex=\"-1\" id=\"mobile-fusion-tab-nederlandsmenu\" href=\"#tab-c34a3a3365b032e3f95\"><h4 class=\"fusion-tab-heading\">Nederlands menu<\/h4><\/a><\/li><\/ul><\/div><div class=\"tab-pane fade fusion-clearfix\" role=\"tabpanel\" tabindex=\"0\" aria-labelledby=\"fusion-tab-nederlandsmenu\" id=\"tab-c34a3a3365b032e3f95\">\n<h6 style=\"text-align: center;\">selecteer een van de onderstaande menu&rsquo;s om het weer te geven<\/h6>\n<p style=\"text-align: center;\"><a href=\"https:\/\/www.legrandcafe.be\/wp-content\/uploads\/2021\/10\/NL_Menu_voorhoof.pdf\" target=\"_blank\" rel=\"noopener\">Voorgerechten &amp; Hoofgerechten Menu<\/a><br \/>\n<a href=\"https:\/\/www.legrandcafe.be\/wp-content\/uploads\/2021\/10\/NL_Menu_hoofdess.pdf\" target=\"_blank\" rel=\"noopener\">Hoofdgerechten &amp; Desserten Menu<\/a><br \/>\n<a href=\"https:\/\/www.legrandcafe.be\/wp-content\/uploads\/2021\/10\/NL_Menu_VEGA.pdf\" target=\"_blank\" rel=\"noopener\">Vegaterisch Menu<\/a><br \/>\n<a href=\"https:\/\/www.legrandcafe.be\/wp-content\/uploads\/2021\/10\/NL_Menu_Bourse.pdf\" target=\"_blank\" rel=\"noopener\">BOURSE Menu<\/a><br \/>\n<a href=\"https:\/\/www.legrandcafe.be\/wp-content\/uploads\/2021\/10\/NL_Menu_Monico.pdf\" target=\"_blank\" rel=\"noopener\">MONICO Menu<\/a><br \/>\n<a href=\"https:\/\/www.legrandcafe.be\/wp-content\/uploads\/2021\/10\/NL_Menu_Rogier.pdf\" target=\"_blank\" rel=\"noopener\">ROGIER Menu<\/a><br \/>\n<a href=\"https:\/\/www.legrandcafe.be\/wp-content\/uploads\/2021\/10\/NL_Menu_Sablon.pdf\" target=\"_blank\" rel=\"noopener\">SABLON Menu<\/a><\/p>\n<\/div><div class=\"nav fusion-mobile-tab-nav\"><ul class=\"nav-tabs nav-justified\" role=\"tablist\"><li role=\"presentation\"><a class=\"tab-link\" data-toggle=\"tab\" role=\"tab\" aria-controls=\"tab-873b639df37f99fd171\" aria-selected=\"false\" tabindex=\"-1\" id=\"mobile-fusion-tab-englishmenu\" href=\"#tab-873b639df37f99fd171\"><h4 class=\"fusion-tab-heading\">English Menu<\/h4><\/a><\/li><\/ul><\/div><div class=\"tab-pane fade fusion-clearfix\" role=\"tabpanel\" tabindex=\"0\" aria-labelledby=\"fusion-tab-englishmenu\" id=\"tab-873b639df37f99fd171\">\n<h6 style=\"text-align: center;\">select one of the menus below to display it<\/h6>\n<p style=\"text-align: center;\"><a href=\"https:\/\/www.legrandcafe.be\/wp-content\/uploads\/2021\/10\/EN_Menu_startmain.pdf\" target=\"_blank\" rel=\"noopener\">Starters &amp; Main Menu<\/a><br \/>\n<a href=\"https:\/\/www.legrandcafe.be\/wp-content\/uploads\/2021\/10\/EN_Menu_maindessert.pdf\" target=\"_blank\" rel=\"noopener\">Main &amp; Desserts Menu<\/a><br \/>\n<a href=\"https:\/\/www.legrandcafe.be\/wp-content\/uploads\/2021\/10\/EN_Menu_VEGA.pdf\" target=\"_blank\" rel=\"noopener\">Vegetarian Menu<\/a><br \/>\n<a href=\"https:\/\/www.legrandcafe.be\/wp-content\/uploads\/2021\/10\/EN_Menu_Bourse.pdf\" target=\"_blank\" rel=\"noopener\">BOURSE Menu<\/a><br \/>\n<a href=\"https:\/\/www.legrandcafe.be\/wp-content\/uploads\/2021\/10\/EN_Menu_Monico.pdf\" target=\"_blank\" rel=\"noopener\">MONICO Menu<\/a><br \/>\n<a href=\"https:\/\/www.legrandcafe.be\/wp-content\/uploads\/2021\/10\/EN_Menu_Rogier.pdf\" target=\"_blank\" rel=\"noopener\">ROGIER Menu<\/a><br \/>\n<a href=\"https:\/\/www.legrandcafe.be\/wp-content\/uploads\/2021\/10\/EN_Menu_Sablon.pdf\" target=\"_blank\" rel=\"noopener\">SABLON Menu<\/a><\/p>\n<\/div><\/div><\/div><\/div><\/div><div class=\"fusion-layout-column fusion_builder_column fusion-builder-column-2 fusion_builder_column_1_4 1_4 fusion-flex-column\" style=\"--awb-bg-color:#6886bf;--awb-bg-color-hover:#6886bf;--awb-bg-size:cover;--awb-width-large:25%;--awb-margin-top-large:0px;--awb-spacing-right-large:7.68%;--awb-margin-bottom-large:20px;--awb-spacing-left-large:7.68%;--awb-width-medium:25%;--awb-order-medium:0;--awb-spacing-right-medium:7.68%;--awb-spacing-left-medium:7.68%;--awb-width-small:100%;--awb-order-small:0;--awb-spacing-right-small:1.92%;--awb-spacing-left-small:1.92%;\"><div class=\"fusion-column-wrapper fusion-column-has-shadow fusion-flex-justify-content-flex-start fusion-content-layout-column\"><div class=\"fusion-image-element \" style=\"text-align:center;--awb-margin-top:50px;--awb-caption-title-font-family:var(--h2_typography-font-family);--awb-caption-title-font-weight:var(--h2_typography-font-weight);--awb-caption-title-font-style:var(--h2_typography-font-style);--awb-caption-title-size:var(--h2_typography-font-size);--awb-caption-title-transform:var(--h2_typography-text-transform);--awb-caption-title-line-height:var(--h2_typography-line-height);--awb-caption-title-letter-spacing:var(--h2_typography-letter-spacing);\"><span class=\" fusion-imageframe imageframe-none imageframe-1 hover-type-none\"><img decoding=\"async\" width=\"1251\" height=\"1250\" title=\"LeGrandCafe_Logo_Creme\" src=\"https:\/\/www.legrandcafe.be\/wp-content\/uploads\/2021\/10\/LeGrandCafe_Logo_Creme.png\" alt class=\"img-responsive wp-image-426\" srcset=\"https:\/\/www.legrandcafe.be\/wp-content\/uploads\/2021\/10\/LeGrandCafe_Logo_Creme-200x200.png 200w, https:\/\/www.legrandcafe.be\/wp-content\/uploads\/2021\/10\/LeGrandCafe_Logo_Creme-400x400.png 400w, https:\/\/www.legrandcafe.be\/wp-content\/uploads\/2021\/10\/LeGrandCafe_Logo_Creme-600x600.png 600w, https:\/\/www.legrandcafe.be\/wp-content\/uploads\/2021\/10\/LeGrandCafe_Logo_Creme-800x799.png 800w, https:\/\/www.legrandcafe.be\/wp-content\/uploads\/2021\/10\/LeGrandCafe_Logo_Creme-1200x1199.png 1200w, https:\/\/www.legrandcafe.be\/wp-content\/uploads\/2021\/10\/LeGrandCafe_Logo_Creme.png 1251w\" sizes=\"(max-width: 640px) 100vw, 400px\" \/><\/span><\/div><div class=\"fusion-text fusion-text-2\" style=\"--awb-text-color:#ffffff;--awb-margin-right:10px;--awb-margin-left:10px;\"><h5>R\u00e9servations<br \/>\npour les groupes (plus de 10 personnes)<\/h5>\n<p>Contactez-nous sur<br \/>\n<strong>info@legrandcafe.be<\/strong><br \/>\nou<br \/>\nt\u00e9l\u00e9phonez-nous au<br \/>\n<strong>02 \/ 513.31.44<\/strong><\/p>\n<\/div><\/div><\/div><\/div><\/div><\/p>\n","protected":false},"excerpt":{"rendered":"","protected":false},"author":1,"featured_media":0,"parent":0,"menu_order":0,"comment_status":"closed","ping_status":"closed","template":"","meta":{"footnotes":""},"class_list":["post-372","page","type-page","status-publish","hentry"],"_links":{"self":[{"href":"https:\/\/www.legrandcafe.be\/index.php?rest_route=\/wp\/v2\/pages\/372","targetHints":{"allow":["GET"]}}],"collection":[{"href":"https:\/\/www.legrandcafe.be\/index.php?rest_route=\/wp\/v2\/pages"}],"about":[{"href":"https:\/\/www.legrandcafe.be\/index.php?rest_route=\/wp\/v2\/types\/page"}],"author":[{"embeddable":true,"href":"https:\/\/www.legrandcafe.be\/index.php?rest_route=\/wp\/v2\/users\/1"}],"replies":[{"embeddable":true,"href":"https:\/\/www.legrandcafe.be\/index.php?rest_route=%2Fwp%2Fv2%2Fcomments&post=372"}],"version-history":[{"count":27,"href":"https:\/\/www.legrandcafe.be\/index.php?rest_route=\/wp\/v2\/pages\/372\/revisions"}],"predecessor-version":[{"id":433,"href":"https:\/\/www.legrandcafe.be\/index.php?rest_route=\/wp\/v2\/pages\/372\/revisions\/433"}],"wp:attachment":[{"href":"https:\/\/www.legrandcafe.be\/index.php?rest_route=%2Fwp%2Fv2%2Fmedia&parent=372"}],"curies":[{"name":"wp","href":"https:\/\/api.w.org\/{rel}","templated":true}]}}